{"id":125,"date":"2019-12-20T20:51:58","date_gmt":"2019-12-20T20:51:58","guid":{"rendered":"https:\/\/blekingekvlvf.vattenorg.se\/?page_id=125"},"modified":"2019-12-20T20:51:58","modified_gmt":"2019-12-20T20:51:58","slug":"vattenkontroll","status":"publish","type":"page","link":"https:\/\/blekingekvlvf.vattenorg.se\/?page_id=125","title":{"rendered":"Vattenkontroll"},"content":{"rendered":"\n<p>H\u00e4r finns information om vattendelen av Blekinge Kustvatten och Luftv\u00e5rdsf\u00f6rbund. Unders\u00f6kningarna har tidigare utf\u00f6rts p\u00e5 uppdrag av Blekingekustens vattenf\u00f6rbund.<\/p>\n\n\n\n<figure class=\"wp-block-image size-large is-resized\"><img loading=\"lazy\" decoding=\"async\" src=\"https:\/\/blekingekvlvf.vattenorg.se\/wp-content\/uploads\/2019\/12\/hano.gif\" alt=\"han\u00f6\" class=\"wp-image-105\" width=\"338\" height=\"254\"\/><\/figure>\n\n\n\n<p>F\u00f6r vattendelen finns resultaten\u00a0av m\u00e4tningarna som\u00a0<a rel=\"noreferrer noopener\" aria-label=\"s\u00f6ktj\u00e4nst (\u00f6ppnas i en ny flik)\" href=\"http:\/\/blekingekvlvf.vattenorg.se\/manadsrapporter\/resultat.php\" target=\"_blank\">s\u00f6ktj\u00e4nst<\/a>\u00a0per station eller som\u00a0rapport\u00a0per unders\u00f6knings\u00e5r (under ladda ned).<\/p>\n","protected":false},"excerpt":{"rendered":"<p>H\u00e4r finns information om vattendelen av Blekinge Kustvatten och Luftv\u00e5rdsf\u00f6rbund. Unders\u00f6kningarna har tidigare utf\u00f6rts p\u00e5 uppdrag av Blekingekustens vattenf\u00f6rbund. F\u00f6r vattendelen finns resultaten\u00a0av m\u00e4tningarna som\u00a0s\u00f6ktj\u00e4nst\u00a0per station eller som\u00a0rapport\u00a0per unders\u00f6knings\u00e5r (under ladda ned).<\/p>\n","protected":false},"author":1,"featured_media":0,"parent":0,"menu_order":0,"comment_status":"closed","ping_status":"closed","template":"","meta":{"footnotes":""},"class_list":["post-125","page","type-page","status-publish","hentry"],"_links":{"self":[{"href":"https:\/\/blekingekvlvf.vattenorg.se\/index.php?rest_route=\/wp\/v2\/pages\/125","targetHints":{"allow":["GET"]}}],"collection":[{"href":"https:\/\/blekingekvlvf.vattenorg.se\/index.php?rest_route=\/wp\/v2\/pages"}],"about":[{"href":"https:\/\/blekingekvlvf.vattenorg.se\/index.php?rest_route=\/wp\/v2\/types\/page"}],"author":[{"embeddable":true,"href":"https:\/\/blekingekvlvf.vattenorg.se\/index.php?rest_route=\/wp\/v2\/users\/1"}],"replies":[{"embeddable":true,"href":"https:\/\/blekingekvlvf.vattenorg.se\/index.php?rest_route=%2Fwp%2Fv2%2Fcomments&post=125"}],"version-history":[{"count":1,"href":"https:\/\/blekingekvlvf.vattenorg.se\/index.php?rest_route=\/wp\/v2\/pages\/125\/revisions"}],"predecessor-version":[{"id":126,"href":"https:\/\/blekingekvlvf.vattenorg.se\/index.php?rest_route=\/wp\/v2\/pages\/125\/revisions\/126"}],"wp:attachment":[{"href":"https:\/\/blekingekvlvf.vattenorg.se\/index.php?rest_route=%2Fwp%2Fv2%2Fmedia&parent=125"}],"curies":[{"name":"wp","href":"https:\/\/api.w.org\/{rel}","templated":true}]}}