{"id":127,"date":"2019-12-20T20:53:13","date_gmt":"2019-12-20T20:53:13","guid":{"rendered":"https:\/\/blekingekvlvf.vattenorg.se\/?page_id=127"},"modified":"2019-12-25T18:00:34","modified_gmt":"2019-12-25T18:00:34","slug":"mal-och-syfte-vattendelen","status":"publish","type":"page","link":"https:\/\/blekingekvlvf.vattenorg.se\/?page_id=127","title":{"rendered":"M\u00e5l och syfte"},"content":{"rendered":"\n<p>I takt med f\u00f6r\u00e4ndringar av milj\u00f6situationen i \u00d6stersj\u00f6n v\u00e4xte det fram ett behov av samarbete mellan olika kustintressenter i Blekinge regionen. Man beh\u00f6vde samordna provtagningar och utv\u00e4rderingar av resultat f\u00f6r att f\u00e5 en \u00f6verblick av l\u00e4get i havet.<br><br>F\u00f6rbundet bildades 1990 och 1991 bildades Vattenv\u00e5rdsf\u00f6rbundet f\u00f6r v\u00e4stra Han\u00f6bukten. F\u00f6r att f\u00e5 en \u00e4nnu mer helt\u00e4ckande bild sker \u00e4ven samarbete med Bornholms amt. Syftet \u00e4r att klarg\u00f6ra kustl\u00e4nens tillst\u00e5nd genom ett stort anlysmaterial som b l a omfattar vattenkemi, biologi, milj\u00f6gifter och sediment. Samarbetet skall leda till gemensamma analyser.<br><br>Resultatet kan sedan ligga till grund f\u00f6r planerings- och utvecklingsarbete i de respektive l\u00e4nen. \u00c5tg\u00e4rdsprogram skall kunna tas fram i samverkan f\u00f6r att minska milj\u00f6p\u00e5verkan i \u00d6stersj\u00f6n.<br><br>Unders\u00f6kningsprogrammet ska utv\u00e4rderas med j\u00e4mna mellanrum. Vid behov skall unders\u00f6kningsprogrammet omarbetas och revideras.<\/p>\n\n\n\n<figure class=\"wp-block-image\"><img decoding=\"async\" src=\"http:\/\/www.vattenorganisationer.se\/images\/90\/Vatten\/torsk.jpg\" alt=\"\"\/><\/figure>\n\n\n\n<p>F\u00f6rbundet har till uppgift:<\/p>\n\n\n\n<ul class=\"wp-block-list\"><li>att klarg\u00f6ra tillst\u00e5ndet i l\u00e4nets kustvatten<\/li><li>att initiera och samordna erfoderliga unders\u00f6kningar f\u00f6r bed\u00f6mning av p\u00e5verkansgrad och utvecklingstendenser<\/li><li>att redovisa unders\u00f6kningsresultaten p\u00e5 ett s\u00e5dant s\u00e4tt att de kan vara till nytta f\u00f6r planerings- och utvecklingarbetet inom regionen<\/li><li>att verka f\u00f6r att \u00e5tg\u00e4rder vidtas i syfte att minska f\u00f6roreningsbelastningen p\u00e5 l\u00e4nets kustvatten<\/li><li>att verka f\u00f6r samordning av vattenv\u00e5rden i Han\u00f6bukten<\/li><li>att fungera som r\u00e5dgivande organ i kustvattenfr\u00e5gor<\/li><li>att informera medlemmarna om vattenv\u00e5rdsituationen i Han\u00f6bukten.<\/li><\/ul>\n","protected":false},"excerpt":{"rendered":"<p>I takt med f\u00f6r\u00e4ndringar av milj\u00f6situationen i \u00d6stersj\u00f6n v\u00e4xte det fram ett behov av samarbete mellan olika kustintressenter i Blekinge regionen. Man beh\u00f6vde samordna provtagningar och utv\u00e4rderingar av resultat f\u00f6r att f\u00e5 en \u00f6verblick av l\u00e4get i havet. F\u00f6rbundet bildades 1990 och 1991 bildades Vattenv\u00e5rdsf\u00f6rbundet f\u00f6r v\u00e4stra Han\u00f6bukten. F\u00f6r att f\u00e5 en \u00e4nnu mer helt\u00e4ckande\u2026 <span class=\"read-more\"><a href=\"https:\/\/blekingekvlvf.vattenorg.se\/?page_id=127\">L\u00e4s mer &raquo;<\/a><\/span><\/p>\n","protected":false},"author":1,"featured_media":0,"parent":125,"menu_order":0,"comment_status":"closed","ping_status":"closed","template":"","meta":{"footnotes":""},"class_list":["post-127","page","type-page","status-publish","hentry"],"_links":{"self":[{"href":"https:\/\/blekingekvlvf.vattenorg.se\/index.php?rest_route=\/wp\/v2\/pages\/127","targetHints":{"allow":["GET"]}}],"collection":[{"href":"https:\/\/blekingekvlvf.vattenorg.se\/index.php?rest_route=\/wp\/v2\/pages"}],"about":[{"href":"https:\/\/blekingekvlvf.vattenorg.se\/index.php?rest_route=\/wp\/v2\/types\/page"}],"author":[{"embeddable":true,"href":"https:\/\/blekingekvlvf.vattenorg.se\/index.php?rest_route=\/wp\/v2\/users\/1"}],"replies":[{"embeddable":true,"href":"https:\/\/blekingekvlvf.vattenorg.se\/index.php?rest_route=%2Fwp%2Fv2%2Fcomments&post=127"}],"version-history":[{"count":2,"href":"https:\/\/blekingekvlvf.vattenorg.se\/index.php?rest_route=\/wp\/v2\/pages\/127\/revisions"}],"predecessor-version":[{"id":248,"href":"https:\/\/blekingekvlvf.vattenorg.se\/index.php?rest_route=\/wp\/v2\/pages\/127\/revisions\/248"}],"up":[{"embeddable":true,"href":"https:\/\/blekingekvlvf.vattenorg.se\/index.php?rest_route=\/wp\/v2\/pages\/125"}],"wp:attachment":[{"href":"https:\/\/blekingekvlvf.vattenorg.se\/index.php?rest_route=%2Fwp%2Fv2%2Fmedia&parent=127"}],"curies":[{"name":"wp","href":"https:\/\/api.w.org\/{rel}","templated":true}]}}