{"id":131,"date":"2019-12-20T20:57:09","date_gmt":"2019-12-20T20:57:09","guid":{"rendered":"https:\/\/blekingekvlvf.vattenorg.se\/?page_id=131"},"modified":"2020-01-09T19:45:34","modified_gmt":"2020-01-09T19:45:34","slug":"bottenfauna","status":"publish","type":"page","link":"https:\/\/blekingekvlvf.vattenorg.se\/?page_id=131","title":{"rendered":"Bottenfauna"},"content":{"rendered":"\n<div class=\"wp-block-image\"><figure class=\"alignright size-large\"><img loading=\"lazy\" decoding=\"async\" width=\"219\" height=\"167\" src=\"https:\/\/blekingekvlvf.vattenorg.se\/wp-content\/uploads\/2020\/01\/skorv.jpg\" alt=\"Skorv\" class=\"wp-image-312\"\/><figcaption>  Skorv, <em>Saduria entemon<\/em>. Arten \u00e4r en &#8221;ishavsrelikt&#8221; och \u00e4r vanligt f\u00f6rekommande i mjukbottenfauna-prover fr\u00e5n Han\u00f6bukten. <\/figcaption><\/figure><\/div>\n\n\n\n<p>\n\nDe sedimentlevande bottendjuren \u00e4r ofta station\u00e4ra och relativt l\u00e5nglivade. Detta inneb\u00e4r att de l\u00e4mpar sig bra till att unders\u00f6ka f\u00f6r\u00e4ndringar i milj\u00f6n. Olika arter \u00e4r olika k\u00e4nsliga eller t\u00e5liga mot organisk belastning och l\u00e5ga syrehalter. Utifr\u00e5n artsammans\u00e4ttningen av bottenfaunan kan bottenmilj\u00f6ns kvalitet s\u00e5ledes bed\u00f6mas. Varje \u00e5r under maj m\u00e5nad tas ca 65 bottenfaunaprov l\u00e4ngs Blekingekusten. Vartannat \u00e5r sker provtagningen med tre prov p\u00e5 totalt 22 stationer och vartannat \u00e5r tas fem olika stationer med ett prov vardera utspridda i totalt 13 olika vattenf\u00f6rekomster.&nbsp;&nbsp;&nbsp;<\/p>\n\n\n\n<p><br><\/p>\n","protected":false},"excerpt":{"rendered":"<p>De sedimentlevande bottendjuren \u00e4r ofta station\u00e4ra och relativt l\u00e5nglivade. Detta inneb\u00e4r att de l\u00e4mpar sig bra till att unders\u00f6ka f\u00f6r\u00e4ndringar i milj\u00f6n. Olika arter \u00e4r olika k\u00e4nsliga eller t\u00e5liga mot organisk belastning och l\u00e5ga syrehalter. Utifr\u00e5n artsammans\u00e4ttningen av bottenfaunan kan bottenmilj\u00f6ns kvalitet s\u00e5ledes bed\u00f6mas. Varje \u00e5r under maj m\u00e5nad tas ca 65 bottenfaunaprov l\u00e4ngs Blekingekusten.\u2026 <span class=\"read-more\"><a href=\"https:\/\/blekingekvlvf.vattenorg.se\/?page_id=131\">L\u00e4s mer &raquo;<\/a><\/span><\/p>\n","protected":false},"author":1,"featured_media":0,"parent":125,"menu_order":0,"comment_status":"closed","ping_status":"closed","template":"","meta":{"footnotes":""},"class_list":["post-131","page","type-page","status-publish","hentry"],"_links":{"self":[{"href":"https:\/\/blekingekvlvf.vattenorg.se\/index.php?rest_route=\/wp\/v2\/pages\/131","targetHints":{"allow":["GET"]}}],"collection":[{"href":"https:\/\/blekingekvlvf.vattenorg.se\/index.php?rest_route=\/wp\/v2\/pages"}],"about":[{"href":"https:\/\/blekingekvlvf.vattenorg.se\/index.php?rest_route=\/wp\/v2\/types\/page"}],"author":[{"embeddable":true,"href":"https:\/\/blekingekvlvf.vattenorg.se\/index.php?rest_route=\/wp\/v2\/users\/1"}],"replies":[{"embeddable":true,"href":"https:\/\/blekingekvlvf.vattenorg.se\/index.php?rest_route=%2Fwp%2Fv2%2Fcomments&post=131"}],"version-history":[{"count":2,"href":"https:\/\/blekingekvlvf.vattenorg.se\/index.php?rest_route=\/wp\/v2\/pages\/131\/revisions"}],"predecessor-version":[{"id":313,"href":"https:\/\/blekingekvlvf.vattenorg.se\/index.php?rest_route=\/wp\/v2\/pages\/131\/revisions\/313"}],"up":[{"embeddable":true,"href":"https:\/\/blekingekvlvf.vattenorg.se\/index.php?rest_route=\/wp\/v2\/pages\/125"}],"wp:attachment":[{"href":"https:\/\/blekingekvlvf.vattenorg.se\/index.php?rest_route=%2Fwp%2Fv2%2Fmedia&parent=131"}],"curies":[{"name":"wp","href":"https:\/\/api.w.org\/{rel}","templated":true}]}}