{"id":135,"date":"2019-12-20T21:01:29","date_gmt":"2019-12-20T21:01:29","guid":{"rendered":"https:\/\/blekingekvlvf.vattenorg.se\/?page_id=135"},"modified":"2019-12-20T21:01:29","modified_gmt":"2019-12-20T21:01:29","slug":"metaller-och-andra-miljogifter-i-biota","status":"publish","type":"page","link":"https:\/\/blekingekvlvf.vattenorg.se\/?page_id=135","title":{"rendered":"Metaller och andra milj\u00f6gifter i biota"},"content":{"rendered":"\n<p> Vart sj\u00e4tte \u00e5r analyseras metaller och organiska \u00e4mnen i sediment. Provtagningen sker vid \u00e5tta olika platser. \u00c4ven metaller och organiska \u00e4mnen i bl\u00e5musslor analyseras. Detta sker vart tredje \u00e5r p\u00e5 p\u00e5 sju olika platser. <\/p>\n\n\n\n<div class=\"wp-block-image\"><figure class=\"aligncenter size-large\"><img loading=\"lazy\" decoding=\"async\" width=\"400\" height=\"300\" src=\"https:\/\/blekingekvlvf.vattenorg.se\/wp-content\/uploads\/2019\/12\/sediment.jpg\" alt=\"\" class=\"wp-image-136\" srcset=\"https:\/\/blekingekvlvf.vattenorg.se\/wp-content\/uploads\/2019\/12\/sediment.jpg 400w, https:\/\/blekingekvlvf.vattenorg.se\/wp-content\/uploads\/2019\/12\/sediment-300x225.jpg 300w\" sizes=\"auto, (max-width: 400px) 100vw, 400px\" \/><figcaption> Sedimentprovtagare med skivningssystem. <\/figcaption><\/figure><\/div>\n","protected":false},"excerpt":{"rendered":"<p>Vart sj\u00e4tte \u00e5r analyseras metaller och organiska \u00e4mnen i sediment. Provtagningen sker vid \u00e5tta olika platser. \u00c4ven metaller och organiska \u00e4mnen i bl\u00e5musslor analyseras. Detta sker vart tredje \u00e5r p\u00e5 p\u00e5 sju olika platser.<\/p>\n","protected":false},"author":1,"featured_media":0,"parent":125,"menu_order":0,"comment_status":"closed","ping_status":"closed","template":"","meta":{"footnotes":""},"class_list":["post-135","page","type-page","status-publish","hentry"],"_links":{"self":[{"href":"https:\/\/blekingekvlvf.vattenorg.se\/index.php?rest_route=\/wp\/v2\/pages\/135","targetHints":{"allow":["GET"]}}],"collection":[{"href":"https:\/\/blekingekvlvf.vattenorg.se\/index.php?rest_route=\/wp\/v2\/pages"}],"about":[{"href":"https:\/\/blekingekvlvf.vattenorg.se\/index.php?rest_route=\/wp\/v2\/types\/page"}],"author":[{"embeddable":true,"href":"https:\/\/blekingekvlvf.vattenorg.se\/index.php?rest_route=\/wp\/v2\/users\/1"}],"replies":[{"embeddable":true,"href":"https:\/\/blekingekvlvf.vattenorg.se\/index.php?rest_route=%2Fwp%2Fv2%2Fcomments&post=135"}],"version-history":[{"count":1,"href":"https:\/\/blekingekvlvf.vattenorg.se\/index.php?rest_route=\/wp\/v2\/pages\/135\/revisions"}],"predecessor-version":[{"id":137,"href":"https:\/\/blekingekvlvf.vattenorg.se\/index.php?rest_route=\/wp\/v2\/pages\/135\/revisions\/137"}],"up":[{"embeddable":true,"href":"https:\/\/blekingekvlvf.vattenorg.se\/index.php?rest_route=\/wp\/v2\/pages\/125"}],"wp:attachment":[{"href":"https:\/\/blekingekvlvf.vattenorg.se\/index.php?rest_route=%2Fwp%2Fv2%2Fmedia&parent=135"}],"curies":[{"name":"wp","href":"https:\/\/api.w.org\/{rel}","templated":true}]}}