{"id":142,"date":"2019-12-20T21:08:50","date_gmt":"2019-12-20T21:08:50","guid":{"rendered":"https:\/\/blekingekvlvf.vattenorg.se\/?page_id=142"},"modified":"2020-06-10T17:25:58","modified_gmt":"2020-06-10T17:25:58","slug":"samordnad-luftovervakning","status":"publish","type":"page","link":"https:\/\/blekingekvlvf.vattenorg.se\/?page_id=142","title":{"rendered":"Samordnad luft\u00f6vervakning"},"content":{"rendered":"\n<p>Milj\u00f6kvalitetsnormer (MKN) f\u00f6r luft har inf\u00f6rts i svensk lagstiftning f\u00f6r att \u00e5stadkomma en godtagbar luftkvalitetssituation. Regeringens f\u00f6rordning om MKN f\u00f6r utomhusluft (SFS 2010:477) inbegriper f\u00f6rekomst och halt i luft av kv\u00e4veoxider (NO2NOx), svaveldioxid (SO2), bly (Pb), kolmonoxid (CO), bensen, partiklar (PM10 och PM2,5), ozon (O3), tungmetallerna arsenik (As), kamium (Cd) och nickel (Ni) samt polycykliska aromatiska kolv\u00e4ten med benso(a)pyren (B(a)P) som indikator).<\/p>\n\n\n\n<p>F\u00f6rordningen om MKN f\u00f6r luft sl\u00e5r fast att varje kommun ska kontrollera att milj\u00f6kvalitetsnormerna uppfylls inom kommunen. Dock ges en m\u00f6jlighet att bedriva kontrollen genom samverkan mellan flera kommuner. Ett l\u00e4n kan till exempel ses som ett naturligt samverkansomr\u00e5de.<\/p>\n\n\n\n<p>H\u00e4r kan du ladda ned ett f\u00f6redrag fr\u00e5n f\u00f6rbundets \u00e5rskonferens med titeln: <a rel=\"noreferrer noopener\" href=\"https:\/\/blekingekvlvf.vattenorg.se\/film\/T%C3%A4tortsm%C3%A4tningar%20av%20luftkvalitet%20i%20Blekinge%202019.flv\" target=\"_blank\">T\u00e4tortsm\u00e4tningar av luftkvalitet i Blekinge 2019<\/a><br><\/p>\n","protected":false},"excerpt":{"rendered":"<p>Milj\u00f6kvalitetsnormer (MKN) f\u00f6r luft har inf\u00f6rts i svensk lagstiftning f\u00f6r att \u00e5stadkomma en godtagbar luftkvalitetssituation. Regeringens f\u00f6rordning om MKN f\u00f6r utomhusluft (SFS 2010:477) inbegriper f\u00f6rekomst och halt i luft av kv\u00e4veoxider (NO2NOx), svaveldioxid (SO2), bly (Pb), kolmonoxid (CO), bensen, partiklar (PM10 och PM2,5), ozon (O3), tungmetallerna arsenik (As), kamium (Cd) och nickel (Ni) samt polycykliska\u2026 <span class=\"read-more\"><a href=\"https:\/\/blekingekvlvf.vattenorg.se\/?page_id=142\">L\u00e4s mer &raquo;<\/a><\/span><\/p>\n","protected":false},"author":1,"featured_media":0,"parent":123,"menu_order":0,"comment_status":"closed","ping_status":"closed","template":"","meta":{"footnotes":""},"class_list":["post-142","page","type-page","status-publish","hentry"],"_links":{"self":[{"href":"https:\/\/blekingekvlvf.vattenorg.se\/index.php?rest_route=\/wp\/v2\/pages\/142","targetHints":{"allow":["GET"]}}],"collection":[{"href":"https:\/\/blekingekvlvf.vattenorg.se\/index.php?rest_route=\/wp\/v2\/pages"}],"about":[{"href":"https:\/\/blekingekvlvf.vattenorg.se\/index.php?rest_route=\/wp\/v2\/types\/page"}],"author":[{"embeddable":true,"href":"https:\/\/blekingekvlvf.vattenorg.se\/index.php?rest_route=\/wp\/v2\/users\/1"}],"replies":[{"embeddable":true,"href":"https:\/\/blekingekvlvf.vattenorg.se\/index.php?rest_route=%2Fwp%2Fv2%2Fcomments&post=142"}],"version-history":[{"count":2,"href":"https:\/\/blekingekvlvf.vattenorg.se\/index.php?rest_route=\/wp\/v2\/pages\/142\/revisions"}],"predecessor-version":[{"id":348,"href":"https:\/\/blekingekvlvf.vattenorg.se\/index.php?rest_route=\/wp\/v2\/pages\/142\/revisions\/348"}],"up":[{"embeddable":true,"href":"https:\/\/blekingekvlvf.vattenorg.se\/index.php?rest_route=\/wp\/v2\/pages\/123"}],"wp:attachment":[{"href":"https:\/\/blekingekvlvf.vattenorg.se\/index.php?rest_route=%2Fwp%2Fv2%2Fmedia&parent=142"}],"curies":[{"name":"wp","href":"https:\/\/api.w.org\/{rel}","templated":true}]}}