{"id":157,"date":"2019-12-23T21:52:15","date_gmt":"2019-12-23T21:52:15","guid":{"rendered":"https:\/\/blekingekvlvf.vattenorg.se\/?page_id=157"},"modified":"2019-12-25T19:04:42","modified_gmt":"2019-12-25T19:04:42","slug":"kontrollprogram","status":"publish","type":"page","link":"https:\/\/blekingekvlvf.vattenorg.se\/?page_id=157","title":{"rendered":"Kontrollprogram"},"content":{"rendered":"\n<div class='w3eden'>\n    <div class=''>\n\n        \n        <div id=\"content_wpdm_package_1\">\n            <div class='row'><div class='col-lg-12 col-md-6 col-12'><div class=\"link-template-default card mb-2\">\n    <div class=\"card-body\">\n        <div class=\"media\">\n            <div class=\"mr-3 img-48\"><img decoding=\"async\" class=\"wpdm_icon\" alt=\"Icon\"   src=\"https:\/\/blekingekvlvf.vattenorg.se\/wp-content\/plugins\/download-manager\/assets\/file-type-icons\/pdf.svg\" \/><\/div>\n            <div class=\"media-body\">\n                <strong class=\"ptitle\">Recipientkontroll 2023-2028<\/strong>\n                <div class=\"text-muted text-small\">\n                     <i class=\"fas fa-hdd color-green\"><\/i> Filstorlek: 2.18 MB\n                     <i class=\"fas fa-copy ml-3 color-blue\"><\/i> Antal nedladdningar: 675 <br>\n                     <span>Laddades upp: november 8, 2023<\/span><br>\n                     <span><a href=\"https:\/\/blekingekvlvf.vattenorg.se\/?wpdmpro=recipientkontroll-2023-2028\">Program f\u00f6r samordnad recipientkontroll\nBlekinge kustvatten... Klicka h\u00e4r f\u00f6r mer info!<\/a><\/span>\n                <\/div>\n            <\/div>\n            <div class=\"ml-3\">\n                <a class='wpdm-download-link download-on-click btn btn-primary btn-sm'  rel='nofollow' href='#' data-downloadurl=\"https:\/\/blekingekvlvf.vattenorg.se\/?wpdmpro=recipientkontroll-2023-2028&wpdmdl=413&refresh=69f5280f3d7d51777674255\">Ladda ned<\/a>\n            <\/div>\n        <\/div>\n    <\/div>\n<\/div><\/div><div class='col-lg-12 col-md-6 col-12'><div class=\"link-template-default card mb-2\">\n    <div class=\"card-body\">\n        <div class=\"media\">\n            <div class=\"mr-3 img-48\"><img decoding=\"async\" class=\"wpdm_icon\" alt=\"Icon\"   src=\"https:\/\/blekingekvlvf.vattenorg.se\/wp-content\/plugins\/download-manager\/assets\/file-type-icons\/pdf.svg\" \/><\/div>\n            <div class=\"media-body\">\n                <strong class=\"ptitle\">Program f\u00f6r samordnad kontroll av luftkvalitet i Blekinge l\u00e4n 2020 - 2021<\/strong>\n                <div class=\"text-muted text-small\">\n                     <i class=\"fas fa-hdd color-green\"><\/i> Filstorlek: 2.76 MB\n                     <i class=\"fas fa-copy ml-3 color-blue\"><\/i> Antal nedladdningar: 897 <br>\n                     <span>Laddades upp: juni 5, 2020<\/span><br>\n                     <span><a href=\"https:\/\/blekingekvlvf.vattenorg.se\/?wpdmpro=program-for-samordnad-kontroll-av-luftkvalitet-i-blekinge-lan-2020-2021\">Kommunernas kontroll av luftkvalitet i Blekinge l\u00e4n... Klicka h\u00e4r f\u00f6r mer info!<\/a><\/span>\n                <\/div>\n            <\/div>\n            <div class=\"ml-3\">\n                <a class='wpdm-download-link download-on-click btn btn-primary btn-sm'  rel='nofollow' href='#' data-downloadurl=\"https:\/\/blekingekvlvf.vattenorg.se\/?wpdmpro=program-for-samordnad-kontroll-av-luftkvalitet-i-blekinge-lan-2020-2021&wpdmdl=346&refresh=69f5280f786a01777674255\">Ladda ned<\/a>\n            <\/div>\n        <\/div>\n    <\/div>\n<\/div><\/div><div class='col-lg-12 col-md-6 col-12'><div class=\"link-template-default card mb-2\">\n    <div class=\"card-body\">\n        <div class=\"media\">\n            <div class=\"mr-3 img-48\"><img decoding=\"async\" class=\"wpdm_icon\" alt=\"Icon\"   src=\"https:\/\/blekingekvlvf.vattenorg.se\/wp-content\/plugins\/download-manager\/assets\/file-type-icons\/pdf.svg\" \/><\/div>\n            <div class=\"media-body\">\n                <strong class=\"ptitle\">Kontrollprogram luftkvalitet Blekinge l\u00e4n 2019 - 2020<\/strong>\n                <div class=\"text-muted text-small\">\n                     <i class=\"fas fa-hdd color-green\"><\/i> Filstorlek: 938.08 KB\n                     <i class=\"fas fa-copy ml-3 color-blue\"><\/i> Antal nedladdningar: 1197 <br>\n                     <span>Laddades upp: december 23, 2019<\/span><br>\n                     <span><a href=\"https:\/\/blekingekvlvf.vattenorg.se\/?wpdmpro=kontrollprogram-luftkvalitet-blekinge-lan-2019-2020\">Program f\u00f6r samordnad kontroll av luftkvalitet i Blekinge... Klicka h\u00e4r f\u00f6r mer info!<\/a><\/span>\n                <\/div>\n            <\/div>\n            <div class=\"ml-3\">\n                <a class='wpdm-download-link download-on-click btn btn-primary btn-sm'  rel='nofollow' href='#' data-downloadurl=\"https:\/\/blekingekvlvf.vattenorg.se\/?wpdmpro=kontrollprogram-luftkvalitet-blekinge-lan-2019-2020&wpdmdl=155&refresh=69f5280f93e6b1777674255\">Ladda ned<\/a>\n            <\/div>\n        <\/div>\n    <\/div>\n<\/div><\/div><div class='col-lg-12 col-md-6 col-12'><div class=\"link-template-default card mb-2\">\n    <div class=\"card-body\">\n        <div class=\"media\">\n            <div class=\"mr-3 img-48\"><img decoding=\"async\" class=\"wpdm_icon\" alt=\"Icon\"   src=\"https:\/\/blekingekvlvf.vattenorg.se\/wp-content\/plugins\/download-manager\/assets\/file-type-icons\/pdf.svg\" \/><\/div>\n            <div class=\"media-body\">\n                <strong class=\"ptitle\">Recipientkontrollprogram 2017-2022<\/strong>\n                <div class=\"text-muted text-small\">\n                     <i class=\"fas fa-hdd color-green\"><\/i> Filstorlek: 1.49 MB\n                     <i class=\"fas fa-copy ml-3 color-blue\"><\/i> Antal nedladdningar: 1176 <br>\n                     <span>Laddades upp: december 23, 2017<\/span><br>\n                     <span><a href=\"https:\/\/blekingekvlvf.vattenorg.se\/?wpdmpro=recipientkontrollprogram-2017-2022\">Program f\u00f6r samordnad recipientkontroll \u00e5ren 2017-2022\n... Klicka h\u00e4r f\u00f6r mer info!<\/a><\/span>\n                <\/div>\n            <\/div>\n            <div class=\"ml-3\">\n                <a class='wpdm-download-link download-on-click btn btn-primary btn-sm'  rel='nofollow' href='#' data-downloadurl=\"https:\/\/blekingekvlvf.vattenorg.se\/?wpdmpro=recipientkontrollprogram-2017-2022&wpdmdl=153&refresh=69f5280faed191777674255\">Ladda ned<\/a>\n            <\/div>\n        <\/div>\n    <\/div>\n<\/div><\/div><div class='col-lg-12 col-md-6 col-12'><div class=\"link-template-default card mb-2\">\n    <div class=\"card-body\">\n        <div class=\"media\">\n            <div class=\"mr-3 img-48\"><img decoding=\"async\" class=\"wpdm_icon\" alt=\"Icon\"   src=\"https:\/\/blekingekvlvf.vattenorg.se\/wp-content\/plugins\/download-manager\/assets\/file-type-icons\/pdf.svg\" \/><\/div>\n            <div class=\"media-body\">\n                <strong class=\"ptitle\">Recipientkontrollprogram Blekinge kvlvf 2011-2016<\/strong>\n                <div class=\"text-muted text-small\">\n                     <i class=\"fas fa-hdd color-green\"><\/i> Filstorlek: 457.17 KB\n                     <i class=\"fas fa-copy ml-3 color-blue\"><\/i> Antal nedladdningar: 1704 <br>\n                     <span>Laddades upp: december 23, 2016<\/span><br>\n                     <span><a href=\"https:\/\/blekingekvlvf.vattenorg.se\/?wpdmpro=recipientkontrollprogram-blekinge-kvlvf-2011-2016\">Enligt milj\u00f6balken ska f\u00f6retag och kommuner dels... Klicka h\u00e4r f\u00f6r mer info!<\/a><\/span>\n                <\/div>\n            <\/div>\n            <div class=\"ml-3\">\n                <a class='wpdm-download-link download-on-click btn btn-primary btn-sm'  rel='nofollow' href='#' data-downloadurl=\"https:\/\/blekingekvlvf.vattenorg.se\/?wpdmpro=recipientkontrollprogram-blekinge-kvlvf-2011-2016&wpdmdl=159&refresh=69f5280fc9b481777674255\">Ladda ned<\/a>\n            <\/div>\n        <\/div>\n    <\/div>\n<\/div><\/div><\/div>            <div style='clear:both'><\/div><div class='text-center'><ul class='pagination wpdm-pagination pagination-centered text-center'><\/ul><\/div><div style='clear:both'><\/div>        <\/div>\n\n        <div style='clear:both'><\/div>\n    <\/div>\n<\/div>\n\n","protected":false},"excerpt":{"rendered":"","protected":false},"author":1,"featured_media":0,"parent":80,"menu_order":0,"comment_status":"closed","ping_status":"closed","template":"","meta":{"footnotes":""},"class_list":["post-157","page","type-page","status-publish","hentry"],"_links":{"self":[{"href":"https:\/\/blekingekvlvf.vattenorg.se\/index.php?rest_route=\/wp\/v2\/pages\/157","targetHints":{"allow":["GET"]}}],"collection":[{"href":"https:\/\/blekingekvlvf.vattenorg.se\/index.php?rest_route=\/wp\/v2\/pages"}],"about":[{"href":"https:\/\/blekingekvlvf.vattenorg.se\/index.php?rest_route=\/wp\/v2\/types\/page"}],"author":[{"embeddable":true,"href":"https:\/\/blekingekvlvf.vattenorg.se\/index.php?rest_route=\/wp\/v2\/users\/1"}],"replies":[{"embeddable":true,"href":"https:\/\/blekingekvlvf.vattenorg.se\/index.php?rest_route=%2Fwp%2Fv2%2Fcomments&post=157"}],"version-history":[{"count":4,"href":"https:\/\/blekingekvlvf.vattenorg.se\/index.php?rest_route=\/wp\/v2\/pages\/157\/revisions"}],"predecessor-version":[{"id":291,"href":"https:\/\/blekingekvlvf.vattenorg.se\/index.php?rest_route=\/wp\/v2\/pages\/157\/revisions\/291"}],"up":[{"embeddable":true,"href":"https:\/\/blekingekvlvf.vattenorg.se\/index.php?rest_route=\/wp\/v2\/pages\/80"}],"wp:attachment":[{"href":"https:\/\/blekingekvlvf.vattenorg.se\/index.php?rest_route=%2Fwp%2Fv2%2Fmedia&parent=157"}],"curies":[{"name":"wp","href":"https:\/\/api.w.org\/{rel}","templated":true}]}}