{"id":175,"date":"2019-12-23T22:04:55","date_gmt":"2019-12-23T22:04:55","guid":{"rendered":"https:\/\/blekingekvlvf.vattenorg.se\/?page_id=175"},"modified":"2019-12-25T19:05:36","modified_gmt":"2019-12-25T19:05:36","slug":"motesprotokoll","status":"publish","type":"page","link":"https:\/\/blekingekvlvf.vattenorg.se\/?page_id=175","title":{"rendered":"M\u00f6tesprotokoll"},"content":{"rendered":"\n<div class='w3eden'>\n    <div class=''>\n\n        \n        <div id=\"content_wpdm_package_1\">\n            <div class='row'><div class='col-lg-12 col-md-6 col-12'><div class=\"link-template-default card mb-2\">\n    <div class=\"card-body\">\n        <div class=\"media\">\n            <div class=\"mr-3 img-48\"><img decoding=\"async\" class=\"wpdm_icon\" alt=\"Icon\"   src=\"https:\/\/blekingekvlvf.vattenorg.se\/wp-content\/plugins\/download-manager\/assets\/file-type-icons\/pdf.svg\" \/><\/div>\n            <div class=\"media-body\">\n                <strong class=\"ptitle\">Bkvlvf \u00e5rsm\u00f6tesprotokoll 2020<\/strong>\n                <div class=\"text-muted text-small\">\n                     <i class=\"fas fa-hdd color-green\"><\/i> Filstorlek: 1.02 MB\n                     <i class=\"fas fa-copy ml-3 color-blue\"><\/i> Antal nedladdningar: 836 <br>\n                     <span>Laddades upp: juni 15, 2020<\/span><br>\n                     <span><a href=\"https:\/\/blekingekvlvf.vattenorg.se\/?wpdmpro=protokoll-arsmote-bkvlvf-2020-05-29\">Protokoll \u00e5rsm\u00f6te Blekinge kustvatten och luftv\u00e5rdsf\u00f6rbund... Klicka h\u00e4r f\u00f6r mer info!<\/a><\/span>\n                <\/div>\n            <\/div>\n            <div class=\"ml-3\">\n                <a class='wpdm-download-link download-on-click btn btn-primary btn-sm'  rel='nofollow' href='#' data-downloadurl=\"https:\/\/blekingekvlvf.vattenorg.se\/?wpdmpro=protokoll-arsmote-bkvlvf-2020-05-29&wpdmdl=351&refresh=69e62e8a492a31776692874\">Ladda ned<\/a>\n            <\/div>\n        <\/div>\n    <\/div>\n<\/div><\/div><div class='col-lg-12 col-md-6 col-12'><div class=\"link-template-default card mb-2\">\n    <div class=\"card-body\">\n        <div class=\"media\">\n            <div class=\"mr-3 img-48\"><img decoding=\"async\" class=\"wpdm_icon\" alt=\"Icon\"   src=\"https:\/\/blekingekvlvf.vattenorg.se\/wp-content\/plugins\/download-manager\/assets\/file-type-icons\/pdf.svg\" \/><\/div>\n            <div class=\"media-body\">\n                <strong class=\"ptitle\">Bkvlvf \u00e5rsm\u00f6tesprotokoll 2019<\/strong>\n                <div class=\"text-muted text-small\">\n                     <i class=\"fas fa-hdd color-green\"><\/i> Filstorlek: 1.46 MB\n                     <i class=\"fas fa-copy ml-3 color-blue\"><\/i> Antal nedladdningar: 814 <br>\n                     <span>Laddades upp: januari 9, 2020<\/span><br>\n                     <span><a href=\"https:\/\/blekingekvlvf.vattenorg.se\/?wpdmpro=protokoll-arsmote-2019-05-24\">Protokoll \u00e5rsm\u00f6te 2019-05-24\n... Klicka h\u00e4r f\u00f6r mer info!<\/a><\/span>\n                <\/div>\n            <\/div>\n            <div class=\"ml-3\">\n                <a class='wpdm-download-link download-on-click btn btn-primary btn-sm'  rel='nofollow' href='#' data-downloadurl=\"https:\/\/blekingekvlvf.vattenorg.se\/?wpdmpro=protokoll-arsmote-2019-05-24&wpdmdl=319&refresh=69e62e8aae8e51776692874\">Ladda ned<\/a>\n            <\/div>\n        <\/div>\n    <\/div>\n<\/div><\/div><div class='col-lg-12 col-md-6 col-12'><div class=\"link-template-default card mb-2\">\n    <div class=\"card-body\">\n        <div class=\"media\">\n            <div class=\"mr-3 img-48\"><img decoding=\"async\" class=\"wpdm_icon\" alt=\"Icon\"   src=\"https:\/\/blekingekvlvf.vattenorg.se\/wp-content\/plugins\/download-manager\/assets\/file-type-icons\/pdf.svg\" \/><\/div>\n            <div class=\"media-body\">\n                <strong class=\"ptitle\">Bkvlvf program \u00e5rsm\u00f6te 2019<\/strong>\n                <div class=\"text-muted text-small\">\n                     <i class=\"fas fa-hdd color-green\"><\/i> Filstorlek: 90.40 KB\n                     <i class=\"fas fa-copy ml-3 color-blue\"><\/i> Antal nedladdningar: 832 <br>\n                     <span>Laddades upp: december 23, 2019<\/span><br>\n                     <span><a href=\"https:\/\/blekingekvlvf.vattenorg.se\/?wpdmpro=bkvlvf-program-arsmote-2019\">... Klicka h\u00e4r f\u00f6r mer info!<\/a><\/span>\n                <\/div>\n            <\/div>\n            <div class=\"ml-3\">\n                <a class='wpdm-download-link download-on-click btn btn-primary btn-sm'  rel='nofollow' href='#' data-downloadurl=\"https:\/\/blekingekvlvf.vattenorg.se\/?wpdmpro=bkvlvf-program-arsmote-2019&wpdmdl=177&refresh=69e62e8b00d601776692875\">Ladda ned<\/a>\n            <\/div>\n        <\/div>\n    <\/div>\n<\/div><\/div><div class='col-lg-12 col-md-6 col-12'><div class=\"link-template-default card mb-2\">\n    <div class=\"card-body\">\n        <div class=\"media\">\n            <div class=\"mr-3 img-48\"><img decoding=\"async\" class=\"wpdm_icon\" alt=\"Icon\"   src=\"https:\/\/blekingekvlvf.vattenorg.se\/wp-content\/plugins\/download-manager\/assets\/file-type-icons\/pdf.svg\" \/><\/div>\n            <div class=\"media-body\">\n                <strong class=\"ptitle\">Bkvlvf \u00e5rsm\u00f6tesprotokoll 2018<\/strong>\n                <div class=\"text-muted text-small\">\n                     <i class=\"fas fa-hdd color-green\"><\/i> Filstorlek: 748.99 KB\n                     <i class=\"fas fa-copy ml-3 color-blue\"><\/i> Antal nedladdningar: 958 <br>\n                     <span>Laddades upp: december 25, 2018<\/span><br>\n                     <span><a href=\"https:\/\/blekingekvlvf.vattenorg.se\/?wpdmpro=bkvlvf-arsmotesprotokoll-2018\">... Klicka h\u00e4r f\u00f6r mer info!<\/a><\/span>\n                <\/div>\n            <\/div>\n            <div class=\"ml-3\">\n                <a class='wpdm-download-link download-on-click btn btn-primary btn-sm'  rel='nofollow' href='#' data-downloadurl=\"https:\/\/blekingekvlvf.vattenorg.se\/?wpdmpro=bkvlvf-arsmotesprotokoll-2018&wpdmdl=286&refresh=69e62e8b375811776692875\">Ladda ned<\/a>\n            <\/div>\n        <\/div>\n    <\/div>\n<\/div><\/div><div class='col-lg-12 col-md-6 col-12'><div class=\"link-template-default card mb-2\">\n    <div class=\"card-body\">\n        <div class=\"media\">\n            <div class=\"mr-3 img-48\"><img decoding=\"async\" class=\"wpdm_icon\" alt=\"Icon\"   src=\"https:\/\/blekingekvlvf.vattenorg.se\/wp-content\/plugins\/download-manager\/assets\/file-type-icons\/pdf.svg\" \/><\/div>\n            <div class=\"media-body\">\n                <strong class=\"ptitle\">Bkvlvf \u00e5rsm\u00f6te 2018<\/strong>\n                <div class=\"text-muted text-small\">\n                     <i class=\"fas fa-hdd color-green\"><\/i> Filstorlek: 748.99 KB\n                     <i class=\"fas fa-copy ml-3 color-blue\"><\/i> Antal nedladdningar: 891 <br>\n                     <span>Laddades upp: december 23, 2018<\/span><br>\n                     <span><a href=\"https:\/\/blekingekvlvf.vattenorg.se\/?wpdmpro=bkvlvf-arsmote-2018\">... Klicka h\u00e4r f\u00f6r mer info!<\/a><\/span>\n                <\/div>\n            <\/div>\n            <div class=\"ml-3\">\n                <a class='wpdm-download-link download-on-click btn btn-primary btn-sm'  rel='nofollow' href='#' data-downloadurl=\"https:\/\/blekingekvlvf.vattenorg.se\/?wpdmpro=bkvlvf-arsmote-2018&wpdmdl=170&refresh=69e62e8b63d411776692875\">Ladda ned<\/a>\n            <\/div>\n        <\/div>\n    <\/div>\n<\/div><\/div><div class='col-lg-12 col-md-6 col-12'><div class=\"link-template-default card mb-2\">\n    <div class=\"card-body\">\n        <div class=\"media\">\n            <div class=\"mr-3 img-48\"><img decoding=\"async\" class=\"wpdm_icon\" alt=\"Icon\"   src=\"https:\/\/blekingekvlvf.vattenorg.se\/wp-content\/plugins\/download-manager\/assets\/file-type-icons\/pdf.svg\" \/><\/div>\n            <div class=\"media-body\">\n                <strong class=\"ptitle\">Bkvlvf \u00e5rsm\u00f6tesprotokoll 2017<\/strong>\n                <div class=\"text-muted text-small\">\n                     <i class=\"fas fa-hdd color-green\"><\/i> Filstorlek: 663.30 KB\n                     <i class=\"fas fa-copy ml-3 color-blue\"><\/i> Antal nedladdningar: 1274 <br>\n                     <span>Laddades upp: december 25, 2017<\/span><br>\n                     <span><a href=\"https:\/\/blekingekvlvf.vattenorg.se\/?wpdmpro=bkvlvf-arsmotesprotokoll-2017\">... Klicka h\u00e4r f\u00f6r mer info!<\/a><\/span>\n                <\/div>\n            <\/div>\n            <div class=\"ml-3\">\n                <a class='wpdm-download-link download-on-click btn btn-primary btn-sm'  rel='nofollow' href='#' data-downloadurl=\"https:\/\/blekingekvlvf.vattenorg.se\/?wpdmpro=bkvlvf-arsmotesprotokoll-2017&wpdmdl=276&refresh=69e62e8b878dd1776692875\">Ladda ned<\/a>\n            <\/div>\n        <\/div>\n    <\/div>\n<\/div><\/div><div class='col-lg-12 col-md-6 col-12'><div class=\"link-template-default card mb-2\">\n    <div class=\"card-body\">\n        <div class=\"media\">\n            <div class=\"mr-3 img-48\"><img decoding=\"async\" class=\"wpdm_icon\" alt=\"Icon\"   src=\"https:\/\/blekingekvlvf.vattenorg.se\/wp-content\/plugins\/download-manager\/assets\/file-type-icons\/pdf.svg\" \/><\/div>\n            <div class=\"media-body\">\n                <strong class=\"ptitle\">Bkvlvf \u00e5rsm\u00f6te 2017<\/strong>\n                <div class=\"text-muted text-small\">\n                     <i class=\"fas fa-hdd color-green\"><\/i> Filstorlek: 663.30 KB\n                     <i class=\"fas fa-copy ml-3 color-blue\"><\/i> Antal nedladdningar: 1280 <br>\n                     <span>Laddades upp: december 23, 2017<\/span><br>\n                     <span><a href=\"https:\/\/blekingekvlvf.vattenorg.se\/?wpdmpro=arsmotesprotokoll-bkvlvf-2017\">... Klicka h\u00e4r f\u00f6r mer info!<\/a><\/span>\n                <\/div>\n            <\/div>\n            <div class=\"ml-3\">\n                <a class='wpdm-download-link download-on-click btn btn-primary btn-sm'  rel='nofollow' href='#' data-downloadurl=\"https:\/\/blekingekvlvf.vattenorg.se\/?wpdmpro=arsmotesprotokoll-bkvlvf-2017&wpdmdl=161&refresh=69e62e8ba3b9d1776692875\">Ladda ned<\/a>\n            <\/div>\n        <\/div>\n    <\/div>\n<\/div><\/div><div class='col-lg-12 col-md-6 col-12'><div class=\"link-template-default card mb-2\">\n    <div class=\"card-body\">\n        <div class=\"media\">\n            <div class=\"mr-3 img-48\"><img decoding=\"async\" class=\"wpdm_icon\" alt=\"Icon\"   src=\"https:\/\/blekingekvlvf.vattenorg.se\/wp-content\/plugins\/download-manager\/assets\/file-type-icons\/pdf.svg\" \/><\/div>\n            <div class=\"media-body\">\n                <strong class=\"ptitle\">Bkvlvf \u00e5rsm\u00f6tesprotokoll 2016<\/strong>\n                <div class=\"text-muted text-small\">\n                     <i class=\"fas fa-hdd color-green\"><\/i> Filstorlek: 1.57 MB\n                     <i class=\"fas fa-copy ml-3 color-blue\"><\/i> Antal nedladdningar: 1568 <br>\n                     <span>Laddades upp: december 25, 2016<\/span><br>\n                     <span><a href=\"https:\/\/blekingekvlvf.vattenorg.se\/?wpdmpro=bkvlvf-arsmotesprotokoll-2016\">... Klicka h\u00e4r f\u00f6r mer info!<\/a><\/span>\n                <\/div>\n            <\/div>\n            <div class=\"ml-3\">\n                <a class='wpdm-download-link download-on-click btn btn-primary btn-sm'  rel='nofollow' href='#' data-downloadurl=\"https:\/\/blekingekvlvf.vattenorg.se\/?wpdmpro=bkvlvf-arsmotesprotokoll-2016&wpdmdl=284&refresh=69e62e8bb24521776692875\">Ladda ned<\/a>\n            <\/div>\n        <\/div>\n    <\/div>\n<\/div><\/div><div class='col-lg-12 col-md-6 col-12'><div class=\"link-template-default card mb-2\">\n    <div class=\"card-body\">\n        <div class=\"media\">\n            <div class=\"mr-3 img-48\"><img decoding=\"async\" class=\"wpdm_icon\" alt=\"Icon\"   src=\"https:\/\/blekingekvlvf.vattenorg.se\/wp-content\/plugins\/download-manager\/assets\/file-type-icons\/pdf.svg\" \/><\/div>\n            <div class=\"media-body\">\n                <strong class=\"ptitle\">Bkvlvf \u00e5rsm\u00f6te 2016<\/strong>\n                <div class=\"text-muted text-small\">\n                     <i class=\"fas fa-hdd color-green\"><\/i> Filstorlek: 1.57 MB\n                     <i class=\"fas fa-copy ml-3 color-blue\"><\/i> Antal nedladdningar: 1712 <br>\n                     <span>Laddades upp: december 23, 2016<\/span><br>\n                     <span><a href=\"https:\/\/blekingekvlvf.vattenorg.se\/?wpdmpro=bkvlvf-arsmote-2016\">... Klicka h\u00e4r f\u00f6r mer info!<\/a><\/span>\n                <\/div>\n            <\/div>\n            <div class=\"ml-3\">\n                <a class='wpdm-download-link download-on-click btn btn-primary btn-sm'  rel='nofollow' href='#' data-downloadurl=\"https:\/\/blekingekvlvf.vattenorg.se\/?wpdmpro=bkvlvf-arsmote-2016&wpdmdl=168&refresh=69e62e8bc23ca1776692875\">Ladda ned<\/a>\n            <\/div>\n        <\/div>\n    <\/div>\n<\/div><\/div><div class='col-lg-12 col-md-6 col-12'><div class=\"link-template-default card mb-2\">\n    <div class=\"card-body\">\n        <div class=\"media\">\n            <div class=\"mr-3 img-48\"><img decoding=\"async\" class=\"wpdm_icon\" alt=\"Icon\" src=\"https:\/\/blekingekvlvf.vattenorg.se\/wp-content\/plugins\/download-manager\/assets\/file-type-icons\/pdf.svg\" \/><\/div>\n            <div class=\"media-body\">\n                <strong class=\"ptitle\">Bkvlvf \u00e5rsm\u00f6tesprotokoll 2015<\/strong>\n                <div class=\"text-muted text-small\">\n                     <i class=\"fas fa-hdd color-green\"><\/i> Filstorlek: 2.09 MB\n                     <i class=\"fas fa-copy ml-3 color-blue\"><\/i> Antal nedladdningar: 1239 <br>\n                     <span>Laddades upp: december 25, 2015<\/span><br>\n                     <span><a href=\"https:\/\/blekingekvlvf.vattenorg.se\/?wpdmpro=bkvlvf-arsmotesprotokoll-2015\">... Klicka h\u00e4r f\u00f6r mer info!<\/a><\/span>\n                <\/div>\n            <\/div>\n            <div class=\"ml-3\">\n                <a class='wpdm-download-link download-on-click btn btn-primary btn-sm'  rel='nofollow' href='#' data-downloadurl=\"https:\/\/blekingekvlvf.vattenorg.se\/?wpdmpro=bkvlvf-arsmotesprotokoll-2015&wpdmdl=283&refresh=69e62e8bd31ba1776692875\">Ladda ned<\/a>\n            <\/div>\n        <\/div>\n    <\/div>\n<\/div><\/div><\/div>            <div style='clear:both'><\/div><div class='text-center'><ul class='pagination wpdm-pagination pagination-centered text-center'><li><span aria-current=\"page\" class=\"page-numbers current\">1<\/span><\/li><li><a  data-container='#content_wpdm_package_1' class=\"page-numbers\" href=\"https:\/\/blekingekvlvf.vattenorg.se\/index.php\/?cp=2&#038;rest_route=%2Fwp%2Fv2%2Fpages%2F175\">2<\/a><\/li><li><a  data-container='#content_wpdm_package_1' class=\"next page-numbers\" href=\"https:\/\/blekingekvlvf.vattenorg.se\/index.php\/?cp=2&#038;rest_route=%2Fwp%2Fv2%2Fpages%2F175\"> <i style=\"display: inline-block;width: 8px;height: 8px;border-right: 2px solid;border-top: 2px solid;transform: rotate(45deg);margin-left: -2px;margin-top: -2px;\"><\/i> <\/a><\/li><\/ul><\/div><div style='clear:both'><\/div>        <\/div>\n\n        <div style='clear:both'><\/div>\n    <\/div>\n<\/div>\n\n","protected":false},"excerpt":{"rendered":"","protected":false},"author":1,"featured_media":0,"parent":80,"menu_order":0,"comment_status":"closed","ping_status":"closed","template":"","meta":{"footnotes":""},"class_list":["post-175","page","type-page","status-publish","hentry"],"_links":{"self":[{"href":"https:\/\/blekingekvlvf.vattenorg.se\/index.php?rest_route=\/wp\/v2\/pages\/175","targetHints":{"allow":["GET"]}}],"collection":[{"href":"https:\/\/blekingekvlvf.vattenorg.se\/index.php?rest_route=\/wp\/v2\/pages"}],"about":[{"href":"https:\/\/blekingekvlvf.vattenorg.se\/index.php?rest_route=\/wp\/v2\/types\/page"}],"author":[{"embeddable":true,"href":"https:\/\/blekingekvlvf.vattenorg.se\/index.php?rest_route=\/wp\/v2\/users\/1"}],"replies":[{"embeddable":true,"href":"https:\/\/blekingekvlvf.vattenorg.se\/index.php?rest_route=%2Fwp%2Fv2%2Fcomments&post=175"}],"version-history":[{"count":7,"href":"https:\/\/blekingekvlvf.vattenorg.se\/index.php?rest_route=\/wp\/v2\/pages\/175\/revisions"}],"predecessor-version":[{"id":294,"href":"https:\/\/blekingekvlvf.vattenorg.se\/index.php?rest_route=\/wp\/v2\/pages\/175\/revisions\/294"}],"up":[{"embeddable":true,"href":"https:\/\/blekingekvlvf.vattenorg.se\/index.php?rest_route=\/wp\/v2\/pages\/80"}],"wp:attachment":[{"href":"https:\/\/blekingekvlvf.vattenorg.se\/index.php?rest_route=%2Fwp%2Fv2%2Fmedia&parent=175"}],"curies":[{"name":"wp","href":"https:\/\/api.w.org\/{rel}","templated":true}]}}