{"id":186,"date":"2019-12-25T15:09:42","date_gmt":"2019-12-25T15:09:42","guid":{"rendered":"https:\/\/blekingekvlvf.vattenorg.se\/?page_id=186"},"modified":"2019-12-25T19:04:55","modified_gmt":"2019-12-25T19:04:55","slug":"luft","status":"publish","type":"page","link":"https:\/\/blekingekvlvf.vattenorg.se\/?page_id=186","title":{"rendered":"Luftdelen"},"content":{"rendered":"\n<div class='w3eden'>\n    <div class=''>\n\n        \n        <div id=\"content_wpdm_package_1\">\n            <div class='row'><div class='col-lg-12 col-md-6 col-12'><div class=\"link-template-default card mb-2\">\n    <div class=\"card-body\">\n        <div class=\"media\">\n            <div class=\"mr-3 img-48\"><img decoding=\"async\" class=\"wpdm_icon\" alt=\"Icon\"   src=\"https:\/\/blekingekvlvf.vattenorg.se\/wp-content\/plugins\/download-manager\/assets\/file-type-icons\/pdf.svg\" \/><\/div>\n            <div class=\"media-body\">\n                <strong class=\"ptitle\">IVL \u2013 Ozonm\u00e4tn\u00e4tet i s\u00f6dra Sverige 2024<\/strong>\n                <div class=\"text-muted text-small\">\n                     <i class=\"fas fa-hdd color-green\"><\/i> Filstorlek: 3.02 MB\n                     <i class=\"fas fa-copy ml-3 color-blue\"><\/i> Antal nedladdningar: 322 <br>\n                     <span>Laddades upp: maj 24, 2025<\/span><br>\n                     <span><a href=\"https:\/\/blekingekvlvf.vattenorg.se\/?wpdmpro=ivl-ozonmatnatet-i-sodra-sverige-2024\">IVL - Markn\u00e4ra ozon i bakgrundsmilj\u00f6n i s\u00f6dra Sverige\n... Klicka h\u00e4r f\u00f6r mer info!<\/a><\/span>\n                <\/div>\n            <\/div>\n            <div class=\"ml-3\">\n                <a class='wpdm-download-link download-on-click btn btn-primary btn-sm'  rel='nofollow' href='#' data-downloadurl=\"https:\/\/blekingekvlvf.vattenorg.se\/?wpdmpro=ivl-ozonmatnatet-i-sodra-sverige-2024&wpdmdl=466&refresh=69fd978f506ca1778227087\">Ladda ner<\/a>\n            <\/div>\n        <\/div>\n    <\/div>\n<\/div><\/div><div class='col-lg-12 col-md-6 col-12'><div class=\"link-template-default card mb-2\">\n    <div class=\"card-body\">\n        <div class=\"media\">\n            <div class=\"mr-3 img-48\"><img decoding=\"async\" class=\"wpdm_icon\" alt=\"Icon\"   src=\"https:\/\/blekingekvlvf.vattenorg.se\/wp-content\/plugins\/download-manager\/assets\/file-type-icons\/pdf.svg\" \/><\/div>\n            <div class=\"media-body\">\n                <strong class=\"ptitle\">IVL - Ozonm\u00e4tn\u00e4tet i s\u00f6dra Sverige 2023<\/strong>\n                <div class=\"text-muted text-small\">\n                     <i class=\"fas fa-hdd color-green\"><\/i> Filstorlek: 0.00 KB\n                     <i class=\"fas fa-copy ml-3 color-blue\"><\/i> Antal nedladdningar:  <br>\n                     <span>Laddades upp: mars 27, 2024<\/span><br>\n                     <span><a href=\"https:\/\/blekingekvlvf.vattenorg.se\/?wpdmpro=ivl-ozonmatnatet-i-sodra-sverige-2023\">Markn\u00e4ra ozon i bakgrundsmilj\u00f6n i s\u00f6dra Sverige\nF\u00f6renklad... Klicka h\u00e4r f\u00f6r mer info!<\/a><\/span>\n                <\/div>\n            <\/div>\n            <div class=\"ml-3\">\n                <a class='wpdm-download-link download-on-click btn btn-primary btn-sm'  rel='nofollow' href='#' data-downloadurl=\"https:\/\/blekingekvlvf.vattenorg.se\/?wpdmpro=ivl-ozonmatnatet-i-sodra-sverige-2023&wpdmdl=450&refresh=69fd978f5fcca1778227087\">Ladda ned<\/a>\n            <\/div>\n        <\/div>\n    <\/div>\n<\/div><\/div><div class='col-lg-12 col-md-6 col-12'><div class=\"link-template-default card mb-2\">\n    <div class=\"card-body\">\n        <div class=\"media\">\n            <div class=\"mr-3 img-48\"><img decoding=\"async\" class=\"wpdm_icon\" alt=\"Icon\"   src=\"https:\/\/blekingekvlvf.vattenorg.se\/wp-content\/plugins\/download-manager\/assets\/file-type-icons\/pdf.svg\" \/><\/div>\n            <div class=\"media-body\">\n                <strong class=\"ptitle\">Luftkvalitetsm\u00e4tningar i Blekinge l\u00e4n 2021-2022<\/strong>\n                <div class=\"text-muted text-small\">\n                     <i class=\"fas fa-hdd color-green\"><\/i> Filstorlek: 1.36 MB\n                     <i class=\"fas fa-copy ml-3 color-blue\"><\/i> Antal nedladdningar: 627 <br>\n                     <span>Laddades upp: november 8, 2023<\/span><br>\n                     <span><a href=\"https:\/\/blekingekvlvf.vattenorg.se\/?wpdmpro=luftkvalitetsmatningar-i-blekinge-lan-2021-2022\">IVL-rapport Nr U 6736\n... Klicka h\u00e4r f\u00f6r mer info!<\/a><\/span>\n                <\/div>\n            <\/div>\n            <div class=\"ml-3\">\n                <a class='wpdm-download-link download-on-click btn btn-primary btn-sm'  rel='nofollow' href='#' data-downloadurl=\"https:\/\/blekingekvlvf.vattenorg.se\/?wpdmpro=luftkvalitetsmatningar-i-blekinge-lan-2021-2022&wpdmdl=414&refresh=69fd978f6d6641778227087\">Ladda ned<\/a>\n            <\/div>\n        <\/div>\n    <\/div>\n<\/div><\/div><div class='col-lg-12 col-md-6 col-12'><div class=\"link-template-default card mb-2\">\n    <div class=\"card-body\">\n        <div class=\"media\">\n            <div class=\"mr-3 img-48\"><img decoding=\"async\" class=\"wpdm_icon\" alt=\"Icon\"   src=\"https:\/\/blekingekvlvf.vattenorg.se\/wp-content\/plugins\/download-manager\/assets\/file-type-icons\/pdf.svg\" \/><\/div>\n            <div class=\"media-body\">\n                <strong class=\"ptitle\">F\u00f6rsurning och \u00f6verg\u00f6dning i s\u00f6dra Sverige<\/strong>\n                <div class=\"text-muted text-small\">\n                     <i class=\"fas fa-hdd color-green\"><\/i> Filstorlek: 10.17 MB\n                     <i class=\"fas fa-copy ml-3 color-blue\"><\/i> Antal nedladdningar: 538 <br>\n                     <span>Laddades upp: november 8, 2023<\/span><br>\n                     <span><a href=\"https:\/\/blekingekvlvf.vattenorg.se\/?wpdmpro=forsurning-och-overgodning-i-sodra-sverige\">Resultat fr\u00e5n Krondroppsn\u00e4tet till och med 2021\/22\n... Klicka h\u00e4r f\u00f6r mer info!<\/a><\/span>\n                <\/div>\n            <\/div>\n            <div class=\"ml-3\">\n                <a class='wpdm-download-link download-on-click btn btn-primary btn-sm'  rel='nofollow' href='#' data-downloadurl=\"https:\/\/blekingekvlvf.vattenorg.se\/?wpdmpro=forsurning-och-overgodning-i-sodra-sverige&wpdmdl=412&refresh=69fd978f7b0061778227087\">Ladda ned<\/a>\n            <\/div>\n        <\/div>\n    <\/div>\n<\/div><\/div><div class='col-lg-12 col-md-6 col-12'><div class=\"link-template-default card mb-2\">\n    <div class=\"card-body\">\n        <div class=\"media\">\n            <div class=\"mr-3 img-48\"><img decoding=\"async\" class=\"wpdm_icon\" alt=\"Icon\"   src=\"https:\/\/blekingekvlvf.vattenorg.se\/wp-content\/plugins\/download-manager\/assets\/file-type-icons\/pdf.svg\" \/><\/div>\n            <div class=\"media-body\">\n                <strong class=\"ptitle\">Luftkvalitetsm\u00e4tningar i Blekinge l\u00e4n 2020-2021<\/strong>\n                <div class=\"text-muted text-small\">\n                     <i class=\"fas fa-hdd color-green\"><\/i> Filstorlek: 1.21 MB\n                     <i class=\"fas fa-copy ml-3 color-blue\"><\/i> Antal nedladdningar: 753 <br>\n                     <span>Laddades upp: januari 7, 2023<\/span><br>\n                     <span><a href=\"https:\/\/blekingekvlvf.vattenorg.se\/?wpdmpro=luftkvalitetsmatningar-i-blekinge-lan-2020-2021\">IVL-rapport Nr U 6601\n... Klicka h\u00e4r f\u00f6r mer info!<\/a><\/span>\n                <\/div>\n            <\/div>\n            <div class=\"ml-3\">\n                <a class='wpdm-download-link download-on-click btn btn-primary btn-sm'  rel='nofollow' href='#' data-downloadurl=\"https:\/\/blekingekvlvf.vattenorg.se\/?wpdmpro=luftkvalitetsmatningar-i-blekinge-lan-2020-2021&wpdmdl=400&refresh=69fd978f88fd01778227087\">Ladda ned<\/a>\n            <\/div>\n        <\/div>\n    <\/div>\n<\/div><\/div><div class='col-lg-12 col-md-6 col-12'><div class=\"link-template-default card mb-2\">\n    <div class=\"card-body\">\n        <div class=\"media\">\n            <div class=\"mr-3 img-48\"><img decoding=\"async\" class=\"wpdm_icon\" alt=\"Icon\"   src=\"https:\/\/blekingekvlvf.vattenorg.se\/wp-content\/plugins\/download-manager\/assets\/file-type-icons\/pdf.svg\" \/><\/div>\n            <div class=\"media-body\">\n                <strong class=\"ptitle\">IVL \u2013 Krondroppsn\u00e4tet tom 19-20<\/strong>\n                <div class=\"text-muted text-small\">\n                     <i class=\"fas fa-hdd color-green\"><\/i> Filstorlek: 13.20 MB\n                     <i class=\"fas fa-copy ml-3 color-blue\"><\/i> Antal nedladdningar: 932 <br>\n                     <span>Laddades upp: juli 13, 2021<\/span><br>\n                     <span><a href=\"https:\/\/blekingekvlvf.vattenorg.se\/?wpdmpro=ivl-krondroppsnatet-tom-19-20\">F\u00f6rsurning och \u00f6verg\u00f6dning i det svenska skogslandskapet\nNationell... Klicka h\u00e4r f\u00f6r mer info!<\/a><\/span>\n                <\/div>\n            <\/div>\n            <div class=\"ml-3\">\n                <a class='wpdm-download-link download-on-click btn btn-primary btn-sm'  rel='nofollow' href='#' data-downloadurl=\"https:\/\/blekingekvlvf.vattenorg.se\/?wpdmpro=ivl-krondroppsnatet-tom-19-20&wpdmdl=379&refresh=69fd978f95d141778227087\">Ladda ned<\/a>\n            <\/div>\n        <\/div>\n    <\/div>\n<\/div><\/div><div class='col-lg-12 col-md-6 col-12'><div class=\"link-template-default card mb-2\">\n    <div class=\"card-body\">\n        <div class=\"media\">\n            <div class=\"mr-3 img-48\"><img decoding=\"async\" class=\"wpdm_icon\" alt=\"Icon\"   src=\"https:\/\/blekingekvlvf.vattenorg.se\/wp-content\/plugins\/download-manager\/assets\/file-type-icons\/pdf.svg\" \/><\/div>\n            <div class=\"media-body\">\n                <strong class=\"ptitle\">Luftkvalitetsm\u00e4tningar i Blekinge l\u00e4n 2018-2019<\/strong>\n                <div class=\"text-muted text-small\">\n                     <i class=\"fas fa-hdd color-green\"><\/i> Filstorlek: 2.85 MB\n                     <i class=\"fas fa-copy ml-3 color-blue\"><\/i> Antal nedladdningar: 1001 <br>\n                     <span>Laddades upp: januari 16, 2021<\/span><br>\n                     <span><a href=\"https:\/\/blekingekvlvf.vattenorg.se\/?wpdmpro=luftkvalitetsmatningar-i-blekinge-lan-2018-2019\">IVL-rapport - Gabriella Villamor Saucedo\n... Klicka h\u00e4r f\u00f6r mer info!<\/a><\/span>\n                <\/div>\n            <\/div>\n            <div class=\"ml-3\">\n                <a class='wpdm-download-link download-on-click btn btn-primary btn-sm'  rel='nofollow' href='#' data-downloadurl=\"https:\/\/blekingekvlvf.vattenorg.se\/?wpdmpro=luftkvalitetsmatningar-i-blekinge-lan-2018-2019&wpdmdl=370&refresh=69fd978fa1f4d1778227087\">Ladda ned<\/a>\n            <\/div>\n        <\/div>\n    <\/div>\n<\/div><\/div><div class='col-lg-12 col-md-6 col-12'><div class=\"link-template-default card mb-2\">\n    <div class=\"card-body\">\n        <div class=\"media\">\n            <div class=\"mr-3 img-48\"><img decoding=\"async\" class=\"wpdm_icon\" alt=\"Icon\"   src=\"https:\/\/blekingekvlvf.vattenorg.se\/wp-content\/plugins\/download-manager\/assets\/file-type-icons\/pdf.svg\" \/><\/div>\n            <div class=\"media-body\">\n                <strong class=\"ptitle\">LAVAR OCH LUFTKVALIT\u00c9 2020<\/strong>\n                <div class=\"text-muted text-small\">\n                     <i class=\"fas fa-hdd color-green\"><\/i> Filstorlek: 8.64 MB\n                     <i class=\"fas fa-copy ml-3 color-blue\"><\/i> Antal nedladdningar: 1017 <br>\n                     <span>Laddades upp: september 19, 2020<\/span><br>\n                     <span><a href=\"https:\/\/blekingekvlvf.vattenorg.se\/?wpdmpro=lavar-och-luftkvalite-2020\">LAVAR OCH LUFTKVALIT\u00c9 - UNDERS\u00d6KNING I BLEKINGE L\u00c4N... Klicka h\u00e4r f\u00f6r mer info!<\/a><\/span>\n                <\/div>\n            <\/div>\n            <div class=\"ml-3\">\n                <a class='wpdm-download-link download-on-click btn btn-primary btn-sm'  rel='nofollow' href='#' data-downloadurl=\"https:\/\/blekingekvlvf.vattenorg.se\/?wpdmpro=lavar-och-luftkvalite-2020&wpdmdl=361&refresh=69fd978fae63d1778227087\">Ladda ned<\/a>\n            <\/div>\n        <\/div>\n    <\/div>\n<\/div><\/div><div class='col-lg-12 col-md-6 col-12'><div class=\"link-template-default card mb-2\">\n    <div class=\"card-body\">\n        <div class=\"media\">\n            <div class=\"mr-3 img-48\"><img decoding=\"async\" class=\"wpdm_icon\" alt=\"Icon\"   src=\"https:\/\/blekingekvlvf.vattenorg.se\/wp-content\/plugins\/download-manager\/assets\/file-type-icons\/pdf.svg\" \/><\/div>\n            <div class=\"media-body\">\n                <strong class=\"ptitle\">IVL - Krondroppsn\u00e4tet tom 18-19<\/strong>\n                <div class=\"text-muted text-small\">\n                     <i class=\"fas fa-hdd color-green\"><\/i> Filstorlek: 7.84 MB\n                     <i class=\"fas fa-copy ml-3 color-blue\"><\/i> Antal nedladdningar: 847 <br>\n                     <span>Laddades upp: juni 26, 2020<\/span><br>\n                     <span><a href=\"https:\/\/blekingekvlvf.vattenorg.se\/?wpdmpro=ivl-krondroppsnatet-tom-18-19\">IVL: Rapport C 531\nF\u00f6rsurning och \u00f6verg\u00f6dning i... Klicka h\u00e4r f\u00f6r mer info!<\/a><\/span>\n                <\/div>\n            <\/div>\n            <div class=\"ml-3\">\n                <a class='wpdm-download-link download-on-click btn btn-primary btn-sm'  rel='nofollow' href='#' data-downloadurl=\"https:\/\/blekingekvlvf.vattenorg.se\/?wpdmpro=ivl-krondroppsnatet-tom-18-19&wpdmdl=356&refresh=69fd978fbaa971778227087\">Ladda ned<\/a>\n            <\/div>\n        <\/div>\n    <\/div>\n<\/div><\/div><div class='col-lg-12 col-md-6 col-12'><div class=\"link-template-default card mb-2\">\n    <div class=\"card-body\">\n        <div class=\"media\">\n            <div class=\"mr-3 img-48\"><img decoding=\"async\" class=\"wpdm_icon\" alt=\"Icon\"   src=\"https:\/\/blekingekvlvf.vattenorg.se\/wp-content\/plugins\/download-manager\/assets\/file-type-icons\/pdf.svg\" \/><\/div>\n            <div class=\"media-body\">\n                <strong class=\"ptitle\">Program f\u00f6r samordnad kontroll av luftkvalitet i Blekinge l\u00e4n 2020 - 2021<\/strong>\n                <div class=\"text-muted text-small\">\n                     <i class=\"fas fa-hdd color-green\"><\/i> Filstorlek: 2.76 MB\n                     <i class=\"fas fa-copy ml-3 color-blue\"><\/i> Antal nedladdningar: 901 <br>\n                     <span>Laddades upp: juni 5, 2020<\/span><br>\n                     <span><a href=\"https:\/\/blekingekvlvf.vattenorg.se\/?wpdmpro=program-for-samordnad-kontroll-av-luftkvalitet-i-blekinge-lan-2020-2021\">Kommunernas kontroll av luftkvalitet i Blekinge l\u00e4n... Klicka h\u00e4r f\u00f6r mer info!<\/a><\/span>\n                <\/div>\n            <\/div>\n            <div class=\"ml-3\">\n                <a class='wpdm-download-link download-on-click btn btn-primary btn-sm'  rel='nofollow' href='#' data-downloadurl=\"https:\/\/blekingekvlvf.vattenorg.se\/?wpdmpro=program-for-samordnad-kontroll-av-luftkvalitet-i-blekinge-lan-2020-2021&wpdmdl=346&refresh=69fd978fc73f41778227087\">Ladda ned<\/a>\n            <\/div>\n        <\/div>\n    <\/div>\n<\/div><\/div><\/div>            <div style='clear:both'><\/div><div class='text-center'><ul class='pagination wpdm-pagination pagination-centered text-center'><li><span aria-current=\"page\" class=\"page-numbers current\">1<\/span><\/li><li><a  data-container='#content_wpdm_package_1' class=\"page-numbers\" href=\"https:\/\/blekingekvlvf.vattenorg.se\/index.php\/?cp=2&#038;rest_route=%2Fwp%2Fv2%2Fpages%2F186\">2<\/a><\/li><li><a  data-container='#content_wpdm_package_1' class=\"page-numbers\" href=\"https:\/\/blekingekvlvf.vattenorg.se\/index.php\/?cp=3&#038;rest_route=%2Fwp%2Fv2%2Fpages%2F186\">3<\/a><\/li><li><a  data-container='#content_wpdm_package_1' class=\"next page-numbers\" href=\"https:\/\/blekingekvlvf.vattenorg.se\/index.php\/?cp=2&#038;rest_route=%2Fwp%2Fv2%2Fpages%2F186\"> <i style=\"display: inline-block;width: 8px;height: 8px;border-right: 2px solid;border-top: 2px solid;transform: rotate(45deg);margin-left: -2px;margin-top: -2px;\"><\/i> <\/a><\/li><\/ul><\/div><div style='clear:both'><\/div>        <\/div>\n\n        <div style='clear:both'><\/div>\n    <\/div>\n<\/div>\n\n","protected":false},"excerpt":{"rendered":"","protected":false},"author":1,"featured_media":0,"parent":80,"menu_order":0,"comment_status":"closed","ping_status":"closed","template":"","meta":{"footnotes":""},"class_list":["post-186","page","type-page","status-publish","hentry"],"_links":{"self":[{"href":"https:\/\/blekingekvlvf.vattenorg.se\/index.php?rest_route=\/wp\/v2\/pages\/186","targetHints":{"allow":["GET"]}}],"collection":[{"href":"https:\/\/blekingekvlvf.vattenorg.se\/index.php?rest_route=\/wp\/v2\/pages"}],"about":[{"href":"https:\/\/blekingekvlvf.vattenorg.se\/index.php?rest_route=\/wp\/v2\/types\/page"}],"author":[{"embeddable":true,"href":"https:\/\/blekingekvlvf.vattenorg.se\/index.php?rest_route=\/wp\/v2\/users\/1"}],"replies":[{"embeddable":true,"href":"https:\/\/blekingekvlvf.vattenorg.se\/index.php?rest_route=%2Fwp%2Fv2%2Fcomments&post=186"}],"version-history":[{"count":6,"href":"https:\/\/blekingekvlvf.vattenorg.se\/index.php?rest_route=\/wp\/v2\/pages\/186\/revisions"}],"predecessor-version":[{"id":292,"href":"https:\/\/blekingekvlvf.vattenorg.se\/index.php?rest_route=\/wp\/v2\/pages\/186\/revisions\/292"}],"up":[{"embeddable":true,"href":"https:\/\/blekingekvlvf.vattenorg.se\/index.php?rest_route=\/wp\/v2\/pages\/80"}],"wp:attachment":[{"href":"https:\/\/blekingekvlvf.vattenorg.se\/index.php?rest_route=%2Fwp%2Fv2%2Fmedia&parent=186"}],"curies":[{"name":"wp","href":"https:\/\/api.w.org\/{rel}","templated":true}]}}