{"id":242,"date":"2019-12-25T17:55:49","date_gmt":"2019-12-25T17:55:49","guid":{"rendered":"https:\/\/blekingekvlvf.vattenorg.se\/?page_id=242"},"modified":"2019-12-25T19:06:28","modified_gmt":"2019-12-25T19:06:28","slug":"rapporter-vatten","status":"publish","type":"page","link":"https:\/\/blekingekvlvf.vattenorg.se\/?page_id=242","title":{"rendered":"Rapporter-vatten"},"content":{"rendered":"\n<div class='w3eden'>\n    <div class=''>\n\n        \n        <div id=\"content_wpdm_package_1\">\n            <div class='row'><div class='col-lg-12 col-md-6 col-12'><div class=\"link-template-default card mb-2\">\n    <div class=\"card-body\">\n        <div class=\"media\">\n            <div class=\"mr-3 img-48\"><img decoding=\"async\" class=\"wpdm_icon\" alt=\"Icon\"   src=\"https:\/\/blekingekvlvf.vattenorg.se\/wp-content\/plugins\/download-manager\/assets\/file-type-icons\/pdf.svg\" \/><\/div>\n            <div class=\"media-body\">\n                <strong class=\"ptitle\">Han\u00f6buktens \u00e5rsrapport 2024<\/strong>\n                <div class=\"text-muted text-small\">\n                     <i class=\"fas fa-hdd color-green\"><\/i> Filstorlek: 6.06 MB\n                     <i class=\"fas fa-copy ml-3 color-blue\"><\/i> Antal nedladdningar: 3 <br>\n                     <span>Laddades upp: mars 29, 2026<\/span><br>\n                     <span><a href=\"https:\/\/blekingekvlvf.vattenorg.se\/?wpdmpro=hanobuktens-arsrapport-2024\">UNDERS\u00d6KNINGAR I HAN\u00d6BUKTEN\nBlekinge Kustvatten och... Klicka h\u00e4r f\u00f6r mer info!<\/a><\/span>\n                <\/div>\n            <\/div>\n            <div class=\"ml-3\">\n                <a class='wpdm-download-link download-on-click btn btn-primary btn-sm'  rel='nofollow' href='#' data-downloadurl=\"https:\/\/blekingekvlvf.vattenorg.se\/?wpdmpro=hanobuktens-arsrapport-2024&wpdmdl=470&refresh=69f41aa6e03621777605286\">Ladda ner<\/a>\n            <\/div>\n        <\/div>\n    <\/div>\n<\/div><\/div><div class='col-lg-12 col-md-6 col-12'><div class=\"link-template-default card mb-2\">\n    <div class=\"card-body\">\n        <div class=\"media\">\n            <div class=\"mr-3 img-48\"><img decoding=\"async\" class=\"wpdm_icon\" alt=\"Icon\"   src=\"https:\/\/blekingekvlvf.vattenorg.se\/wp-content\/plugins\/download-manager\/assets\/file-type-icons\/pdf.svg\" \/><\/div>\n            <div class=\"media-body\">\n                <strong class=\"ptitle\">Han\u00f6buktens \u00e5rsrapport 2023<\/strong>\n                <div class=\"text-muted text-small\">\n                     <i class=\"fas fa-hdd color-green\"><\/i> Filstorlek: 10.84 MB\n                     <i class=\"fas fa-copy ml-3 color-blue\"><\/i> Antal nedladdningar: 1056 <br>\n                     <span>Laddades upp: maj 1, 2024<\/span><br>\n                     <span><a href=\"https:\/\/blekingekvlvf.vattenorg.se\/?wpdmpro=hanobuktens-arsrapport-2023\">UNDERS\u00d6KNINGAR I HAN\u00d6BUKTEN\nBlekinge Kustvatten och... Klicka h\u00e4r f\u00f6r mer info!<\/a><\/span>\n                <\/div>\n            <\/div>\n            <div class=\"ml-3\">\n                <a class='wpdm-download-link download-on-click btn btn-primary btn-sm'  rel='nofollow' href='#' data-downloadurl=\"https:\/\/blekingekvlvf.vattenorg.se\/?wpdmpro=hanobuktens-arsrapport-2023&wpdmdl=456&refresh=69f41aa6f33e11777605286\">Ladda ned<\/a>\n            <\/div>\n        <\/div>\n    <\/div>\n<\/div><\/div><div class='col-lg-12 col-md-6 col-12'><div class=\"link-template-default card mb-2\">\n    <div class=\"card-body\">\n        <div class=\"media\">\n            <div class=\"mr-3 img-48\"><img decoding=\"async\" class=\"wpdm_icon\" alt=\"Icon\"   src=\"https:\/\/blekingekvlvf.vattenorg.se\/wp-content\/plugins\/download-manager\/assets\/file-type-icons\/pdf.svg\" \/><\/div>\n            <div class=\"media-body\">\n                <strong class=\"ptitle\">Han\u00f6buktens \u00e5rsrapport 2022<\/strong>\n                <div class=\"text-muted text-small\">\n                     <i class=\"fas fa-hdd color-green\"><\/i> Filstorlek: 22.82 MB\n                     <i class=\"fas fa-copy ml-3 color-blue\"><\/i> Antal nedladdningar: 596 <br>\n                     <span>Laddades upp: november 8, 2023<\/span><br>\n                     <span><a href=\"https:\/\/blekingekvlvf.vattenorg.se\/?wpdmpro=hanobuktens-arsrapport-2022\">Blekinge Kustvatten och Luftv\u00e5rdsf\u00f6rbund\nVattenv\u00e5rdsf\u00f6rbundet... Klicka h\u00e4r f\u00f6r mer info!<\/a><\/span>\n                <\/div>\n            <\/div>\n            <div class=\"ml-3\">\n                <a class='wpdm-download-link download-on-click btn btn-primary btn-sm'  rel='nofollow' href='#' data-downloadurl=\"https:\/\/blekingekvlvf.vattenorg.se\/?wpdmpro=hanobuktens-arsrapport-2022&wpdmdl=415&refresh=69f41aa7124b81777605287\">Ladda ned<\/a>\n            <\/div>\n        <\/div>\n    <\/div>\n<\/div><\/div><div class='col-lg-12 col-md-6 col-12'><div class=\"link-template-default card mb-2\">\n    <div class=\"card-body\">\n        <div class=\"media\">\n            <div class=\"mr-3 img-48\"><img decoding=\"async\" class=\"wpdm_icon\" alt=\"Icon\"   src=\"https:\/\/blekingekvlvf.vattenorg.se\/wp-content\/plugins\/download-manager\/assets\/file-type-icons\/pdf.svg\" \/><\/div>\n            <div class=\"media-body\">\n                <strong class=\"ptitle\">Han\u00f6buktens \u00e5rsrapport 2021<\/strong>\n                <div class=\"text-muted text-small\">\n                     <i class=\"fas fa-hdd color-green\"><\/i> Filstorlek: 19.34 MB\n                     <i class=\"fas fa-copy ml-3 color-blue\"><\/i> Antal nedladdningar: 780 <br>\n                     <span>Laddades upp: oktober 8, 2022<\/span><br>\n                     <span><a href=\"https:\/\/blekingekvlvf.vattenorg.se\/?wpdmpro=hanobuktens-arsrapport-2021\">Blekinge Kustvatten och Luftv\u00e5rdsf\u00f6rbund\nVattenv\u00e5rdsf\u00f6rbundet... Klicka h\u00e4r f\u00f6r mer info!<\/a><\/span>\n                <\/div>\n            <\/div>\n            <div class=\"ml-3\">\n                <a class='wpdm-download-link download-on-click btn btn-primary btn-sm'  rel='nofollow' href='#' data-downloadurl=\"https:\/\/blekingekvlvf.vattenorg.se\/?wpdmpro=hanobuktens-arsrapport-2021&wpdmdl=392&refresh=69f41aa72d4521777605287\">Ladda ned<\/a>\n            <\/div>\n        <\/div>\n    <\/div>\n<\/div><\/div><div class='col-lg-12 col-md-6 col-12'><div class=\"link-template-default card mb-2\">\n    <div class=\"card-body\">\n        <div class=\"media\">\n            <div class=\"mr-3 img-48\"><img decoding=\"async\" class=\"wpdm_icon\" alt=\"Icon\"   src=\"https:\/\/blekingekvlvf.vattenorg.se\/wp-content\/plugins\/download-manager\/assets\/file-type-icons\/pdf.svg\" \/><\/div>\n            <div class=\"media-body\">\n                <strong class=\"ptitle\">Han\u00f6buktens \u00e5rsrapport 2020<\/strong>\n                <div class=\"text-muted text-small\">\n                     <i class=\"fas fa-hdd color-green\"><\/i> Filstorlek: 21.39 MB\n                     <i class=\"fas fa-copy ml-3 color-blue\"><\/i> Antal nedladdningar: 690 <br>\n                     <span>Laddades upp: januari 15, 2022<\/span><br>\n                     <span><a href=\"https:\/\/blekingekvlvf.vattenorg.se\/?wpdmpro=hanobuktens-arsrapport-2020\">Blekinge Kustvatten och Luftv\u00e5rdsf\u00f6rbund\nVattenv\u00e5rdsf\u00f6rbundet... Klicka h\u00e4r f\u00f6r mer info!<\/a><\/span>\n                <\/div>\n            <\/div>\n            <div class=\"ml-3\">\n                <a class='wpdm-download-link download-on-click btn btn-primary btn-sm'  rel='nofollow' href='#' data-downloadurl=\"https:\/\/blekingekvlvf.vattenorg.se\/?wpdmpro=hanobuktens-arsrapport-2020&wpdmdl=382&refresh=69f41aa73dd991777605287\">Ladda ned<\/a>\n            <\/div>\n        <\/div>\n    <\/div>\n<\/div><\/div><div class='col-lg-12 col-md-6 col-12'><div class=\"link-template-default card mb-2\">\n    <div class=\"card-body\">\n        <div class=\"media\">\n            <div class=\"mr-3 img-48\"><img decoding=\"async\" class=\"wpdm_icon\" alt=\"Icon\"   src=\"https:\/\/blekingekvlvf.vattenorg.se\/wp-content\/plugins\/download-manager\/assets\/file-type-icons\/pdf.svg\" \/><\/div>\n            <div class=\"media-body\">\n                <strong class=\"ptitle\">Han\u00f6buktens \u00e5rsrapport 2019<\/strong>\n                <div class=\"text-muted text-small\">\n                     <i class=\"fas fa-hdd color-green\"><\/i> Filstorlek: 17.20 MB\n                     <i class=\"fas fa-copy ml-3 color-blue\"><\/i> Antal nedladdningar: 933 <br>\n                     <span>Laddades upp: maj 2, 2020<\/span><br>\n                     <span><a href=\"https:\/\/blekingekvlvf.vattenorg.se\/?wpdmpro=hanobuktens-arsrapport-2019\">Blekinge Kustvatten och Luftv\u00e5rdsf\u00f6rbund\nVattenv\u00e5rdsf\u00f6rbundet... Klicka h\u00e4r f\u00f6r mer info!<\/a><\/span>\n                <\/div>\n            <\/div>\n            <div class=\"ml-3\">\n                <a class='wpdm-download-link download-on-click btn btn-primary btn-sm'  rel='nofollow' href='#' data-downloadurl=\"https:\/\/blekingekvlvf.vattenorg.se\/?wpdmpro=hanobuktens-arsrapport-2019&wpdmdl=332&refresh=69f41aa74b6571777605287\">Ladda ned<\/a>\n            <\/div>\n        <\/div>\n    <\/div>\n<\/div><\/div><div class='col-lg-12 col-md-6 col-12'><div class=\"link-template-default card mb-2\">\n    <div class=\"card-body\">\n        <div class=\"media\">\n            <div class=\"mr-3 img-48\"><img decoding=\"async\" class=\"wpdm_icon\" alt=\"Icon\" src=\"https:\/\/blekingekvlvf.vattenorg.se\/wp-content\/plugins\/download-manager\/assets\/file-type-icons\/pdf.svg\" \/><\/div>\n            <div class=\"media-body\">\n                <strong class=\"ptitle\">Han\u00f6buktens \u00e5rsrapport 2018<\/strong>\n                <div class=\"text-muted text-small\">\n                     <i class=\"fas fa-hdd color-green\"><\/i> Filstorlek: 14.39 MB\n                     <i class=\"fas fa-copy ml-3 color-blue\"><\/i> Antal nedladdningar: 983 <br>\n                     <span>Laddades upp: december 25, 2018<\/span><br>\n                     <span><a href=\"https:\/\/blekingekvlvf.vattenorg.se\/?wpdmpro=hanobuktens-arsrapport-2018\">... Klicka h\u00e4r f\u00f6r mer info!<\/a><\/span>\n                <\/div>\n            <\/div>\n            <div class=\"ml-3\">\n                <a class='wpdm-download-link download-on-click btn btn-primary btn-sm'  rel='nofollow' href='#' data-downloadurl=\"https:\/\/blekingekvlvf.vattenorg.se\/?wpdmpro=hanobuktens-arsrapport-2018&wpdmdl=211&refresh=69f41aa75912d1777605287\">Ladda ned<\/a>\n            <\/div>\n        <\/div>\n    <\/div>\n<\/div><\/div><div class='col-lg-12 col-md-6 col-12'><div class=\"link-template-default card mb-2\">\n    <div class=\"card-body\">\n        <div class=\"media\">\n            <div class=\"mr-3 img-48\"><img decoding=\"async\" class=\"wpdm_icon\" alt=\"Icon\" src=\"https:\/\/blekingekvlvf.vattenorg.se\/wp-content\/plugins\/download-manager\/assets\/file-type-icons\/pdf.svg\" \/><\/div>\n            <div class=\"media-body\">\n                <strong class=\"ptitle\">Han\u00f6buktens \u00e5rsrapport 2017<\/strong>\n                <div class=\"text-muted text-small\">\n                     <i class=\"fas fa-hdd color-green\"><\/i> Filstorlek: 12.73 MB\n                     <i class=\"fas fa-copy ml-3 color-blue\"><\/i> Antal nedladdningar: 1502 <br>\n                     <span>Laddades upp: december 25, 2017<\/span><br>\n                     <span><a href=\"https:\/\/blekingekvlvf.vattenorg.se\/?wpdmpro=hanobuktens-arsrapport-2017\">... Klicka h\u00e4r f\u00f6r mer info!<\/a><\/span>\n                <\/div>\n            <\/div>\n            <div class=\"ml-3\">\n                <a class='wpdm-download-link download-on-click btn btn-primary btn-sm'  rel='nofollow' href='#' data-downloadurl=\"https:\/\/blekingekvlvf.vattenorg.se\/?wpdmpro=hanobuktens-arsrapport-2017&wpdmdl=209&refresh=69f41aa766a0c1777605287\">Ladda ned<\/a>\n            <\/div>\n        <\/div>\n    <\/div>\n<\/div><\/div><div class='col-lg-12 col-md-6 col-12'><div class=\"link-template-default card mb-2\">\n    <div class=\"card-body\">\n        <div class=\"media\">\n            <div class=\"mr-3 img-48\"><img decoding=\"async\" class=\"wpdm_icon\" alt=\"Icon\" src=\"https:\/\/blekingekvlvf.vattenorg.se\/wp-content\/plugins\/download-manager\/assets\/file-type-icons\/pdf.svg\" \/><\/div>\n            <div class=\"media-body\">\n                <strong class=\"ptitle\">Han\u00f6buktens \u00e5rsrapport 2016<\/strong>\n                <div class=\"text-muted text-small\">\n                     <i class=\"fas fa-hdd color-green\"><\/i> Filstorlek: 5.39 MB\n                     <i class=\"fas fa-copy ml-3 color-blue\"><\/i> Antal nedladdningar: 1425 <br>\n                     <span>Laddades upp: december 25, 2016<\/span><br>\n                     <span><a href=\"https:\/\/blekingekvlvf.vattenorg.se\/?wpdmpro=hanobuktens-arsrapport-2016\">... Klicka h\u00e4r f\u00f6r mer info!<\/a><\/span>\n                <\/div>\n            <\/div>\n            <div class=\"ml-3\">\n                <a class='wpdm-download-link download-on-click btn btn-primary btn-sm'  rel='nofollow' href='#' data-downloadurl=\"https:\/\/blekingekvlvf.vattenorg.se\/?wpdmpro=hanobuktens-arsrapport-2016&wpdmdl=202&refresh=69f41aa7773461777605287\">Ladda ned<\/a>\n            <\/div>\n        <\/div>\n    <\/div>\n<\/div><\/div><div class='col-lg-12 col-md-6 col-12'><div class=\"link-template-default card mb-2\">\n    <div class=\"card-body\">\n        <div class=\"media\">\n            <div class=\"mr-3 img-48\"><img decoding=\"async\" class=\"wpdm_icon\" alt=\"Icon\"   src=\"https:\/\/blekingekvlvf.vattenorg.se\/wp-content\/plugins\/download-manager\/assets\/file-type-icons\/pdf.svg\" \/><\/div>\n            <div class=\"media-body\">\n                <strong class=\"ptitle\">Han\u00f6buktens \u00e5rsrapport 2015<\/strong>\n                <div class=\"text-muted text-small\">\n                     <i class=\"fas fa-hdd color-green\"><\/i> Filstorlek: 6.03 MB\n                     <i class=\"fas fa-copy ml-3 color-blue\"><\/i> Antal nedladdningar: 1576 <br>\n                     <span>Laddades upp: december 25, 2015<\/span><br>\n                     <span><a href=\"https:\/\/blekingekvlvf.vattenorg.se\/?wpdmpro=hanobuktens-arsrapport-2015\">... Klicka h\u00e4r f\u00f6r mer info!<\/a><\/span>\n                <\/div>\n            <\/div>\n            <div class=\"ml-3\">\n                <a class='wpdm-download-link download-on-click btn btn-primary btn-sm'  rel='nofollow' href='#' data-downloadurl=\"https:\/\/blekingekvlvf.vattenorg.se\/?wpdmpro=hanobuktens-arsrapport-2015&wpdmdl=214&refresh=69f41aa787f321777605287\">Ladda ned<\/a>\n            <\/div>\n        <\/div>\n    <\/div>\n<\/div><\/div><\/div>            <div style='clear:both'><\/div><div class='text-center'><ul class='pagination wpdm-pagination pagination-centered text-center'><li><span aria-current=\"page\" class=\"page-numbers current\">1<\/span><\/li><li><a  data-container='#content_wpdm_package_1' class=\"page-numbers\" href=\"https:\/\/blekingekvlvf.vattenorg.se\/index.php\/?cp=2&#038;rest_route=%2Fwp%2Fv2%2Fpages%2F242\">2<\/a><\/li><li><a  data-container='#content_wpdm_package_1' class=\"page-numbers\" href=\"https:\/\/blekingekvlvf.vattenorg.se\/index.php\/?cp=3&#038;rest_route=%2Fwp%2Fv2%2Fpages%2F242\">3<\/a><\/li><li><a  data-container='#content_wpdm_package_1' class=\"next page-numbers\" href=\"https:\/\/blekingekvlvf.vattenorg.se\/index.php\/?cp=2&#038;rest_route=%2Fwp%2Fv2%2Fpages%2F242\"> <i style=\"display: inline-block;width: 8px;height: 8px;border-right: 2px solid;border-top: 2px solid;transform: rotate(45deg);margin-left: -2px;margin-top: -2px;\"><\/i> <\/a><\/li><\/ul><\/div><div style='clear:both'><\/div>        <\/div>\n\n        <div style='clear:both'><\/div>\n    <\/div>\n<\/div>\n\n","protected":false},"excerpt":{"rendered":"","protected":false},"author":1,"featured_media":0,"parent":184,"menu_order":0,"comment_status":"closed","ping_status":"closed","template":"","meta":{"footnotes":""},"class_list":["post-242","page","type-page","status-publish","hentry"],"_links":{"self":[{"href":"https:\/\/blekingekvlvf.vattenorg.se\/index.php?rest_route=\/wp\/v2\/pages\/242","targetHints":{"allow":["GET"]}}],"collection":[{"href":"https:\/\/blekingekvlvf.vattenorg.se\/index.php?rest_route=\/wp\/v2\/pages"}],"about":[{"href":"https:\/\/blekingekvlvf.vattenorg.se\/index.php?rest_route=\/wp\/v2\/types\/page"}],"author":[{"embeddable":true,"href":"https:\/\/blekingekvlvf.vattenorg.se\/index.php?rest_route=\/wp\/v2\/users\/1"}],"replies":[{"embeddable":true,"href":"https:\/\/blekingekvlvf.vattenorg.se\/index.php?rest_route=%2Fwp%2Fv2%2Fcomments&post=242"}],"version-history":[{"count":2,"href":"https:\/\/blekingekvlvf.vattenorg.se\/index.php?rest_route=\/wp\/v2\/pages\/242\/revisions"}],"predecessor-version":[{"id":297,"href":"https:\/\/blekingekvlvf.vattenorg.se\/index.php?rest_route=\/wp\/v2\/pages\/242\/revisions\/297"}],"up":[{"embeddable":true,"href":"https:\/\/blekingekvlvf.vattenorg.se\/index.php?rest_route=\/wp\/v2\/pages\/184"}],"wp:attachment":[{"href":"https:\/\/blekingekvlvf.vattenorg.se\/index.php?rest_route=%2Fwp%2Fv2%2Fmedia&parent=242"}],"curies":[{"name":"wp","href":"https:\/\/api.w.org\/{rel}","templated":true}]}}